{"id":63,"date":"2016-05-26T15:25:39","date_gmt":"2016-05-26T15:25:39","guid":{"rendered":"http:\/\/www.lachaussettedelocquirec.fr\/?page_id=63"},"modified":"2018-04-05T10:17:03","modified_gmt":"2018-04-05T08:17:03","slug":"conditions-generales-de-vente","status":"publish","type":"page","link":"https:\/\/www.lachaussettedelocquirec.fr\/?page_id=63","title":{"rendered":"Conditions G\u00e9n\u00e9rales de Vente"},"content":{"rendered":"<p align=\"justify\"><span style=\"font-size: x-large;\"><b>Conditions G\u00e9n\u00e9rales de Vente.<\/b><\/span><\/p>\n<p align=\"justify\"><span style=\"font-size: large;\"><b>La Chaussette de Locquirec<\/b><\/span><\/p>\n<p align=\"justify\"><span style=\"font-size: large;\"><b>RCS 401 539 804 Brest<\/b><\/span><\/p>\n<p align=\"justify\"><span style=\"font-size: large;\"><b>Mises \u00e0 jour du 12.11.2016.<\/b><\/span><\/p>\n<p align=\"justify\"><span style=\"font-size: x-large;\"><b>Conditions de r\u00e8glement\u00a0:<\/b><\/span><\/p>\n<p align=\"justify\"><span style=\"font-size: large;\"><b>Le paiement s&rsquo;effectue en totalit\u00e9 avant l&rsquo;envoi de la commande.<\/b><\/span><\/p>\n<p align=\"justify\"><span style=\"font-size: x-large;\"><b>Modes de paiement\u00a0:<\/b><\/span><\/p>\n<p align=\"justify\"><span style=\"font-size: large;\"><b>Les modes de paiements suivant sont disponibles\u00a0:<\/b><\/span><\/p>\n<p align=\"justify\"><span style=\"font-size: large;\"><b>&#8211; Ch\u00e8que.<\/b><\/span><\/p>\n<p align=\"justify\"><span style=\"font-size: large;\"><b>&#8211; Paypal.<\/b><\/span><\/p>\n<p align=\"justify\"><span style=\"font-size: x-large;\"><b>Exp\u00e9dition et livraison\u00a0:<\/b><\/span><\/p>\n<p align=\"justify\"><span style=\"font-size: large;\"><b>Les commandes sont envoy\u00e9es par la Poste\u00a0:<\/b><\/span><\/p>\n<p align=\"justify\"><span style=\"font-size: large;\"><b>&#8211; Lettre Suivie France.<br \/>\n<\/b><\/span><\/p>\n<p align=\"justify\"><span style=\"font-size: large;\"><b>&#8211; Colissimo.<br \/>\n<\/b><\/span><\/p>\n<p align=\"justify\"><span style=\"font-size: large;\"><b>&#8211; Lettre Suivie Union Europ\u00e9enne.<br \/>\n<\/b><\/span><\/p>\n<p align=\"justify\"><span style=\"font-size: large;\"><b>&#8211; Colissimo Union Europ\u00e9enne.<br \/>\n<\/b><\/span><\/p>\n<p align=\"justify\"><span style=\"font-size: x-large;\"><b>D\u00e9lai de livraison\u00a0:<\/b><\/span><\/p>\n<p align=\"justify\"><span style=\"font-size: large;\"><b>Le d\u00e9lai de livraison prend effet \u00e0 compter de la r\u00e9ception du paiement de la commande. Il couvre les d\u00e9lais de traitement et acheminement du colis. Il est de deux \u00e0 quatre jours ouvr\u00e9s, cependant nous ne pouvons \u00eatre tenus pour responsables d&rsquo;un retard incombant au transporteur.<\/b><\/span><\/p>\n<p align=\"justify\"><span style=\"font-size: x-large;\"><b>Livraison, perte d&rsquo;un colis\u00a0:<\/b><\/span><\/p>\n<p align=\"justify\"><span style=\"font-size: large;\"><b>Lorsque le colis est d\u00e9pos\u00e9 \u00e0 la Poste, l&rsquo;acheteur re\u00e7oit un E-mail de suivi lui permettant de conna\u00eetre l&rsquo;\u00e9tat de l&rsquo;acheminement sur le site de la Poste.<\/b><\/span><\/p>\n<p align=\"justify\"><span style=\"font-size: x-large;\"><b>Droit de r\u00e9tractation\u00a0:<\/b><\/span><\/p>\n<p align=\"justify\"><span style=\"font-size: large;\"><b>L&rsquo;acheteur en ligne dispose d&rsquo;un d\u00e9lai l\u00e9gal de 14 jours \u00e0 compter de la r\u00e9ception du produit pour exercer son droit de r\u00e9tractation et \u00eatre rembours\u00e9 du prix du produit \u00e0 l&rsquo;exclusion du port.<\/b><\/span><\/p>\n<p align=\"justify\"><span style=\"font-size: large;\"><b>Les produits retourn\u00e9s doivent \u00eatre retourn\u00e9s en port pay\u00e9, ceci apr\u00e8s avoir pris contact avec nous pour exprimer sa volont\u00e9 de se r\u00e9tracter.<\/b><\/span><\/p>\n<p align=\"justify\"><span style=\"font-size: large;\"><b>Les produits retourn\u00e9s ne doivent pas avoir \u00e9t\u00e9 port\u00e9s, incomplets, endommag\u00e9s ou salis. Si tel est le cas ils ne seront pas remboursables.<\/b><\/span><\/p>\n<p align=\"justify\"><span style=\"font-size: x-large;\"><b>Propri\u00e9t\u00e9 intellectuelle\u00a0:<\/b><\/span><\/p>\n<p align=\"justify\"><span style=\"font-size: large;\"><b>Tout le contenu du site est prot\u00e9g\u00e9 par le droit d&rsquo;auteur. Toute reproduction totale ou partielle sans notre autorisation \u00e9crite constitue une contrefa\u00e7on sanctionn\u00e9e par le code de la propri\u00e9t\u00e9 intellectuelle.<\/b><\/span><\/p>\n<p align=\"justify\"><span style=\"font-size: x-large;\"><b>Informatique et libert\u00e9s\u00a0:<\/b><\/span><\/p>\n<p align=\"justify\"><span style=\"font-size: large;\"><b>Les informations personnelles recueillies sur notre site ont pour objectif la gestion des commandes. Elles ne peuvent \u00eatre transmises \u00e0 un tiers.<\/b><\/span><\/p>\n<p align=\"justify\"><span style=\"font-size: large;\"><b>En conformit\u00e9 avec la loi n\u00b0787-17 du 16 juin 1978 (CNIL), vous pouvez par simple courrier ou E-mail faire valoir vos droits d&rsquo;acc\u00e8s, de rectification et d&rsquo;opposition sur vos donn\u00e9es personnelles contenues dans nos fichiers informatiques.<\/b><\/span><\/p>\n","protected":false},"excerpt":{"rendered":"<p>Conditions G\u00e9n\u00e9rales de Vente. La Chaussette de Locquirec RCS 401 539 804 Brest Mises \u00e0 jour du 12.11.2016. Conditions de r\u00e8glement\u00a0: Le paiement s&rsquo;effectue en totalit\u00e9 avant l&rsquo;envoi de la commande. Modes de paiement\u00a0: Les modes de paiements suivant sont disponibles\u00a0: &#8211; Ch\u00e8que. &#8211; Paypal. Exp\u00e9dition et livraison\u00a0: Les commandes sont envoy\u00e9es par la Poste\u00a0: [&hellip;]<\/p>\n","protected":false},"author":1,"featured_media":0,"parent":0,"menu_order":0,"comment_status":"closed","ping_status":"closed","template":"","meta":{"footnotes":""},"class_list":["post-63","page","type-page","status-publish","hentry"],"_links":{"self":[{"href":"https:\/\/www.lachaussettedelocquirec.fr\/index.php?rest_route=\/wp\/v2\/pages\/63","targetHints":{"allow":["GET"]}}],"collection":[{"href":"https:\/\/www.lachaussettedelocquirec.fr\/index.php?rest_route=\/wp\/v2\/pages"}],"about":[{"href":"https:\/\/www.lachaussettedelocquirec.fr\/index.php?rest_route=\/wp\/v2\/types\/page"}],"author":[{"embeddable":true,"href":"https:\/\/www.lachaussettedelocquirec.fr\/index.php?rest_route=\/wp\/v2\/users\/1"}],"replies":[{"embeddable":true,"href":"https:\/\/www.lachaussettedelocquirec.fr\/index.php?rest_route=%2Fwp%2Fv2%2Fcomments&post=63"}],"version-history":[{"count":7,"href":"https:\/\/www.lachaussettedelocquirec.fr\/index.php?rest_route=\/wp\/v2\/pages\/63\/revisions"}],"predecessor-version":[{"id":430,"href":"https:\/\/www.lachaussettedelocquirec.fr\/index.php?rest_route=\/wp\/v2\/pages\/63\/revisions\/430"}],"wp:attachment":[{"href":"https:\/\/www.lachaussettedelocquirec.fr\/index.php?rest_route=%2Fwp%2Fv2%2Fmedia&parent=63"}],"curies":[{"name":"wp","href":"https:\/\/api.w.org\/{rel}","templated":true}]}}